{"id":9499,"date":"2023-01-12T12:59:08","date_gmt":"2023-01-12T12:59:08","guid":{"rendered":"https:\/\/technologyfes.com\/?page_id=9499"},"modified":"2026-03-06T18:00:33","modified_gmt":"2026-03-06T23:00:33","slug":"terminos-y-condiones-de-garantia","status":"publish","type":"page","link":"https:\/\/technologyfes.com\/?page_id=9499","title":{"rendered":"T\u00e9rminos y condiciones de la garant\u00eda\u200b"},"content":{"rendered":"\t\t<div data-elementor-type=\"wp-page\" data-elementor-id=\"9499\" class=\"elementor elementor-9499\">\n\t\t\t\t\t\t<section class=\"elementor-section elementor-top-section elementor-element elementor-element-1e4d828 elementor-section-boxed elementor-section-height-default elementor-section-height-default\" data-id=\"1e4d828\" data-element_type=\"section\" data-e-type=\"section\">\n\t\t\t\t\t\t<div class=\"elementor-container elementor-column-gap-default\">\n\t\t\t\t\t<div class=\"elementor-column elementor-col-100 elementor-top-column elementor-element elementor-element-b7e6fb6\" data-id=\"b7e6fb6\" data-element_type=\"column\" data-e-type=\"column\">\n\t\t\t<div class=\"elementor-widget-wrap elementor-element-populated\">\n\t\t\t\t\t\t<div class=\"elementor-element elementor-element-cabf27e elementor-widget elementor-widget-heading\" data-id=\"cabf27e\" data-element_type=\"widget\" data-e-type=\"widget\" data-widget_type=\"heading.default\">\n\t\t\t\t<div class=\"elementor-widget-container\">\n\t\t\t\t\t<h2 class=\"elementor-heading-title elementor-size-default\">T\u00e9rminos y condiciones de la garant\u00eda<\/h2>\t\t\t\t<\/div>\n\t\t\t\t<\/div>\n\t\t\t\t<div class=\"elementor-element elementor-element-0f02b48 elementor-widget elementor-widget-text-editor\" data-id=\"0f02b48\" data-element_type=\"widget\" data-e-type=\"widget\" data-widget_type=\"text-editor.default\">\n\t\t\t\t<div class=\"elementor-widget-container\">\n\t\t\t\t\t\t\t\t\t<h6>Estimado cliente:<\/h6>\n<p>Le agradecemos su confianza al adquirir sus productos en nuestras tiendas de:<br>TECHNOLOGY FES S.A.C. deseando la satisfacci\u00f3n plena con su compra. En caso se presente alg\u00fan inconveniente con su producto deber\u00e1 comunicarse con el \u00e1rea de servicio t\u00e9cnico a los siguientes n\u00fameros: 971124820 \/ 943514081 o dirigirse a: Av. Inca Garcilaso de la Vega 1348, Tda. 1B-142, Galer\u00eda Cyberplaza, Cercado de Lima o Av. Inca Garcilaso de la Vega 1251, Tda 304, Galer\u00eda Compuplaza, Cercado de Lima, dentro del siguiente horario de atenci\u00f3n: de lunes a s\u00e1bado de 10:00 a.m. a 8:00 p.m.&nbsp;<span style=\"letter-spacing: 0.4px;\">Deber\u00e1 tener en cuenta las&nbsp;<\/span><span style=\"letter-spacing: 0.4px;\">consideraciones para la aplicaci\u00f3n de la garant\u00eda correspondiente a su producto:<\/span><\/p>\n<h4>Consideraciones b\u00e1sicas:<\/h4>\n<ul>\n<li>El producto debe encontrarse dentro del periodo de garant\u00eda con TECHNOLOGY FES S.A.C. (12 meses a partir de la fecha de compra).<\/li>\n<li>El cliente deber\u00e1 presentar su comprobante de compra (factura\/boleta).<\/li>\n<li>El producto debe estar completo (equipo, accesorios y los empaques originales son obligatorio dentro de los 7 d\u00edas h\u00e1biles posteriores a la fecha de compra.)<\/li>\n<li>El producto no debe presentar signos de da\u00f1os f\u00edsicos o deterioro.<\/li>\n<\/ul>\n<div>&nbsp;<\/div>\n<div>&nbsp;<\/div>\n<h4>Aplicaciones de la garant\u00eda:<\/h4>\n<ul>\n<li>El cliente SIN EXCEPCI\u00d3N, deber\u00e1 presentar su comprobante de compra impreso: (original o copia), emitido<\/li>\n<\/ul>\n<p>por TECHNOLOGY FES S.A.C. En este documento se detalla la fecha de compra y la serie de los productos<br>adquiridos.<\/p>\n<ul>\n<li>&nbsp;En caso de que el producto presente fallas dentro de los 7 d\u00edas h\u00e1biles posteriores a la fecha de compra, la<\/li>\n<\/ul>\n<p>empresa se compromete a realizar el cambio del producto previo a un internamiento de 24 horas para verificar<br>el estado del equipo, (se podr\u00e1 entregar una nota de cr\u00e9dito, de no contar con stock).<\/p>\n<ul>\n<li>Si el producto presenta fallas posteriores a los 7 d\u00edas h\u00e1biles contados desde la fecha de compra, el<\/li>\n<\/ul>\n<p>componente defectuoso ser\u00e1 internado por TECHNOLOGY FES S.A.C; este proceso de garant\u00eda tendr\u00e1 un<br>tiempo aproximado de entre 15 a 30 d\u00edas h\u00e1biles dependiendo de cada marca correspondiente.<\/p>\n<ul>\n<li>La garant\u00eda de monitores, laptop. Impresoras u otros productos que cuenten con un CAS (Centro de Servicio<\/li>\n<\/ul>\n<p>Autorizado) ser\u00e1n atendidos por TECHNOLOGY FES S.A.C. durante los primeros 7 d\u00edas h\u00e1biles a partir de la<br>fecha de compra, siempre que estos est\u00e9n completos y en buenas condiciones, sin ning\u00fan tipo de deterioro<br>(caja, sellos de garant\u00eda, manuales, bolsas, accesorios, etc.). pasado los 7 d\u00edas h\u00e1biles el cliente deber\u00e1<br>dirigirse directamente al CAS de la marca. La informaci\u00f3n de los CAS se puede encontrar en nuestra web:<br>www.technologyfes.com.<\/p>\n<ul>\n<li>&nbsp;Para los productos adquiridos en provincia, el cliente asumir\u00e1 la obligaci\u00f3n de cubrir los gastos de envi\u00f3 y<\/li>\n<\/ul>\n<p>retorno de sus productos.<\/p>\n<ul>\n<li>No se aceptar\u00e1 cambios ni devoluciones por errores de compra, cambio de opini\u00f3n o inconformidad con<\/li>\n<\/ul>\n<p>productos de otros proveedores.<\/p>\n<h4><b>Las garant\u00edas de los productos no se validan:<\/b><\/h4>\n<ul>\n<li>Cuando se encuentran fuera del periodo de garant\u00eda (12 meses).<\/li>\n<li>Cuando se evidencia da\u00f1o: golpes, rayaduras, da\u00f1o el\u00e9ctrico, quemaduras, contactos rotos o doblados, cobre<\/li>\n<\/ul>\n<p>expuesto, \u00f3xido, salitre, corrosi\u00f3n, partes faltantes, sellos de garant\u00eda adulterados, etiquetas de series<br>removidas o cualquier agente externo que pueda perjudicar el funcionamiento de los componentes (liquido,<br>insectos, residuos de animales, exceso de polvo por ausencia de mantenimiento, etc.).<\/p>\n<ul>\n<li>Cuando sea utilizado en condiciones no recomendadas por el fabricante (humedad, altura, temperatura).<\/li>\n<\/ul>\n<p>Para m\u00e1s informaci\u00f3n, consulte la documentaci\u00f3n del fabricante del producto.<\/p>\n<ul>\n<li>Cuando el equipo presente un funcionamiento distinto al esperado debido a: configuraciones incorrectas<\/li>\n<\/ul>\n<p>en el software o ausencia de configuraciones, uso de aplicaciones no compatibles, actualizaciones de sistema<br>y de las aplicaciones. Para m\u00e1s informaci\u00f3n, consulte la documentaci\u00f3n del fabricante del producto sobre<br>software compatible y su configuraci\u00f3n.<\/p>\n<ul>\n<li>&nbsp;Cuando ocurra una p\u00e9rdida de informaci\u00f3n del cliente debido a problemas del: hardware, software, virus<\/li>\n<\/ul>\n<p>inform\u00e1ticos u otros. Es responsabilidad exclusiva del cliente realizar un respaldo de su informaci\u00f3n personal.<\/p>\n<ul>\n<li>&nbsp;Cuando ocurra fallas provocadas por uso de software NO ORIGINAL (aplicaciones o software instalado por<\/li>\n<\/ul>\n<p>el usuario, as\u00ed como modificaciones no incluidas en la configuraci\u00f3n. original).<\/p>\n<p>Garant\u00edas TECHNOLOGYFES S.A.C.<br>&nbsp;Av. Inca Garcilaso de la Vega 1348, Tda 1B-142, Galer\u00eda Cyberplaza, Cercado de Lima&nbsp; &nbsp; &nbsp; &nbsp; &nbsp; &nbsp; &nbsp; &nbsp; &nbsp; &nbsp; &nbsp; &nbsp; &nbsp; &nbsp; &nbsp; &nbsp; &nbsp; &nbsp; &nbsp; &nbsp; &nbsp; &nbsp; &nbsp; &nbsp; &nbsp; &nbsp; &nbsp; &nbsp; &nbsp; &nbsp; &nbsp; &nbsp; &nbsp; &nbsp; &nbsp; &nbsp; &nbsp; &nbsp; &nbsp; &nbsp; &nbsp; &nbsp; &nbsp; &nbsp; &nbsp; &nbsp; &nbsp; &nbsp; &nbsp; &nbsp; &nbsp; &nbsp; &nbsp; &nbsp; &nbsp; &nbsp; &nbsp; &nbsp; &nbsp; &nbsp; &nbsp; &nbsp; &nbsp; &nbsp; &nbsp; &nbsp; &nbsp; &nbsp; &nbsp; &nbsp; &nbsp; &nbsp; &nbsp; &nbsp; &nbsp; &nbsp; &nbsp; &nbsp; &nbsp; &nbsp; &nbsp; &nbsp; &nbsp; &nbsp; &nbsp; &nbsp; &nbsp; &nbsp;<span style=\"letter-spacing: 0.4px;\">Av. Inca Garcilaso de la Vega 1251, Tda 304, Galer\u00eda Compuplaza, Cercado de Lima<\/span><\/p>\n<p>Celular: 971124820<br>SOPORTE@TECHNOLOGYFES.COM<\/p>\t\t\t\t\t\t\t\t<\/div>\n\t\t\t\t<\/div>\n\t\t\t\t\t<\/div>\n\t\t<\/div>\n\t\t\t\t\t<\/div>\n\t\t<\/section>\n\t\t\t\t<\/div>\n\t\t","protected":false},"excerpt":{"rendered":"<p>T\u00e9rminos y condiciones de la garant\u00eda Estimado cliente: Le agradecemos su confianza al adquirir sus productos en nuestras tiendas de:TECHNOLOGY FES S.A.C. deseando la satisfacci\u00f3n plena con su compra. En caso se presente alg\u00fan inconveniente con su producto deber\u00e1 comunicarse con el \u00e1rea de servicio t\u00e9cnico a los siguientes n\u00fameros: 971124820 \/ 943514081 o dirigirse [&hellip;]<\/p>\n","protected":false},"author":1,"featured_media":0,"parent":0,"menu_order":0,"comment_status":"closed","ping_status":"closed","template":"","meta":{"_monsterinsights_skip_tracking":false,"_monsterinsights_sitenote_active":false,"_monsterinsights_sitenote_note":"","_monsterinsights_sitenote_category":0,"_uf_show_specific_survey":0,"_uf_disable_surveys":false,"_joinchat":[],"footnotes":""},"class_list":["post-9499","page","type-page","status-publish","hentry"],"aioseo_notices":[],"jetpack_sharing_enabled":true,"_links":{"self":[{"href":"https:\/\/technologyfes.com\/index.php?rest_route=\/wp\/v2\/pages\/9499","targetHints":{"allow":["GET"]}}],"collection":[{"href":"https:\/\/technologyfes.com\/index.php?rest_route=\/wp\/v2\/pages"}],"about":[{"href":"https:\/\/technologyfes.com\/index.php?rest_route=\/wp\/v2\/types\/page"}],"author":[{"embeddable":true,"href":"https:\/\/technologyfes.com\/index.php?rest_route=\/wp\/v2\/users\/1"}],"replies":[{"embeddable":true,"href":"https:\/\/technologyfes.com\/index.php?rest_route=%2Fwp%2Fv2%2Fcomments&post=9499"}],"version-history":[{"count":14,"href":"https:\/\/technologyfes.com\/index.php?rest_route=\/wp\/v2\/pages\/9499\/revisions"}],"predecessor-version":[{"id":13947,"href":"https:\/\/technologyfes.com\/index.php?rest_route=\/wp\/v2\/pages\/9499\/revisions\/13947"}],"wp:attachment":[{"href":"https:\/\/technologyfes.com\/index.php?rest_route=%2Fwp%2Fv2%2Fmedia&parent=9499"}],"curies":[{"name":"wp","href":"https:\/\/api.w.org\/{rel}","templated":true}]}}